{"id":5228,"date":"2020-09-22T09:55:32","date_gmt":"2020-09-22T07:55:32","guid":{"rendered":"https:\/\/westerstrand.se\/history\/"},"modified":"2020-09-24T14:59:24","modified_gmt":"2020-09-24T12:59:24","slug":"history","status":"publish","type":"page","link":"https:\/\/westerstrand.se\/en\/history\/","title":{"rendered":"History"},"content":{"rendered":"\n<div class=\"wp-block-image\"><figure class=\"alignright is-resized\"><img decoding=\"async\" src=\"https:\/\/westerstrand.se\/uploads\/2019\/09\/pendylur-e1568183422641-313x1024.jpg\" alt=\"\" class=\"wp-image-4862\" width=\"84\" height=\"274\" srcset=\"https:\/\/westerstrand.se\/uploads\/2019\/09\/pendylur-e1568183422641-313x1024.jpg 313w, https:\/\/westerstrand.se\/uploads\/2019\/09\/pendylur-e1568183422641-92x300.jpg 92w, https:\/\/westerstrand.se\/uploads\/2019\/09\/pendylur-e1568183422641.jpg 506w\" sizes=\"(max-width: 84px) 100vw, 84px\" \/><\/figure><\/div>\n\n\n\n<div class=\"wp-block-image\"><figure class=\"alignright is-resized\"><img decoding=\"async\" src=\"https:\/\/westerstrand.se\/uploads\/2019\/09\/pendylverk-e1568183312655-586x1024.jpg\" alt=\"\" class=\"wp-image-4863\" width=\"149\" height=\"260\" srcset=\"https:\/\/westerstrand.se\/uploads\/2019\/09\/pendylverk-e1568183312655-586x1024.jpg 586w, https:\/\/westerstrand.se\/uploads\/2019\/09\/pendylverk-e1568183312655-172x300.jpg 172w, https:\/\/westerstrand.se\/uploads\/2019\/09\/pendylverk-e1568183312655-768x1341.jpg 768w, https:\/\/westerstrand.se\/uploads\/2019\/09\/pendylverk-e1568183312655.jpg 973w\" sizes=\"(max-width: 149px) 100vw, 149px\" \/><\/figure><\/div>\n\n\n\n<p>Westerstrand Urfabrik AB is one of T\u00f6reboda\u2019s oldest, best known companies. It was founded in 1906 by Yngve Westerstrand when he opened a watchmaker\u2019s workshop.&nbsp;<\/p>\n\n\n\n<p>The company began in a premises on Kungsgatan 4 where it produced replacement parts for clocks. After a while, it also began producing tower clocks and station clocks. Production continued to expand, allowing the company to purchase manufacturing equipment, and in 1936, production of wall clocks and pendulum clocks began. Westerstrand was the first company in the country to produce pendulum clocks.<\/p>\n\n\n\n<div class=\"wp-block-image\"><figure class=\"alignright is-resized\"><img decoding=\"async\" src=\"https:\/\/westerstrand.se\/uploads\/2019\/09\/westerstrand-urfabrik.jpg\" alt=\"\" class=\"wp-image-4858\" width=\"356\" height=\"246\" srcset=\"https:\/\/westerstrand.se\/uploads\/2019\/09\/westerstrand-urfabrik.jpg 709w, https:\/\/westerstrand.se\/uploads\/2019\/09\/westerstrand-urfabrik-300x207.jpg 300w\" sizes=\"(max-width: 356px) 100vw, 356px\" \/><figcaption>Westerstrand\u2019s Clock factory on Sk\u00f6vdev\u00e4gen <br>(image from <a aria-label=\"Mariestad-T\u00f6reboda bildarkiv (\u00f6ppnas i en ny flik)\" href=\"https:\/\/mariestad.adlibhosting.com\/Details\/collecttoreboda\/15367\" target=\"_blank\" rel=\"noreferrer noopener\">Mariestad-T\u00f6reboda bildarkiv<\/a>)<\/figcaption><\/figure><\/div>\n\n\n\n<p>A large factory building was erected in 1941 on Sk\u00f6vdev\u00e4gen along the western main railroad. The company began producing clocks for indoor sports arenas, central clock installations and time switches etc. The manufacturing of components for sets of bells was also begun, for example, for Visby Cathedral and City Hall in Kiruna<\/p>\n\n\n\n<p>The company began producing TV sets in 1958, and a factory was erected on Verkstadsgatan. A branch was opened in G\u00f6tene in 1960, for the manufacturer of clock and TV cases. The manufacturer of TV sets ceased in 1971, and the branch in G\u00f6tene closed shortly thereafter.<\/p>\n\n\n\n<p>Westerstrand has also produced spinning reels for fishing poles, radios, gramophones and speakers.<\/p>\n\n\n\n<figure class=\"wp-block-gallery columns-3 is-cropped aligncenter wp-block-gallery-1 is-layout-flex wp-block-gallery-is-layout-flex\"><ul class=\"blocks-gallery-grid\"><li class=\"blocks-gallery-item\"><figure><img decoding=\"async\" width=\"684\" height=\"1024\" src=\"https:\/\/westerstrand.se\/uploads\/2019\/05\/historia-e1568355539698-684x1024.jpg\" alt=\"\" data-id=\"2083\" data-link=\"https:\/\/westerstrand.se\/historia\/historia-2\/\" class=\"wp-image-4421\" srcset=\"https:\/\/westerstrand.se\/uploads\/2019\/05\/historia-e1568355539698-684x1024.jpg 684w, https:\/\/westerstrand.se\/uploads\/2019\/05\/historia-e1568355539698-200x300.jpg 200w, https:\/\/westerstrand.se\/uploads\/2019\/05\/historia-e1568355539698-768x1149.jpg 768w, https:\/\/westerstrand.se\/uploads\/2019\/05\/historia-e1568355539698.jpg 939w\" sizes=\"(max-width: 684px) 100vw, 684px\" \/><\/figure><\/li><li class=\"blocks-gallery-item\"><figure><img decoding=\"async\" width=\"732\" height=\"1024\" src=\"https:\/\/westerstrand.se\/uploads\/2019\/09\/westerstrands-nar-det-galler-ur-732x1024.jpg\" alt=\"\" data-id=\"3166\" data-link=\"https:\/\/westerstrand.se\/westerstrands-nar-det-galler-ur\/\" class=\"wp-image-4855\" srcset=\"https:\/\/westerstrand.se\/uploads\/2019\/09\/westerstrands-nar-det-galler-ur-732x1024.jpg 732w, https:\/\/westerstrand.se\/uploads\/2019\/09\/westerstrands-nar-det-galler-ur-214x300.jpg 214w, https:\/\/westerstrand.se\/uploads\/2019\/09\/westerstrands-nar-det-galler-ur-768x1074.jpg 768w\" sizes=\"(max-width: 732px) 100vw, 732px\" \/><\/figure><\/li><li class=\"blocks-gallery-item\"><figure><img decoding=\"async\" width=\"765\" height=\"1024\" src=\"https:\/\/westerstrand.se\/uploads\/2019\/09\/tidmatare-765x1024.jpg\" alt=\"\" data-id=\"3164\" data-link=\"https:\/\/westerstrand.se\/tidmatare\/\" class=\"wp-image-4853\" srcset=\"https:\/\/westerstrand.se\/uploads\/2019\/09\/tidmatare-765x1024.jpg 765w, https:\/\/westerstrand.se\/uploads\/2019\/09\/tidmatare-224x300.jpg 224w, https:\/\/westerstrand.se\/uploads\/2019\/09\/tidmatare-768x1027.jpg 768w\" sizes=\"(max-width: 765px) 100vw, 765px\" \/><\/figure><\/li><\/ul><\/figure>\n\n\n\n<figure class=\"wp-block-gallery columns-2 is-cropped aligncenter wp-block-gallery-2 is-layout-flex wp-block-gallery-is-layout-flex\"><ul class=\"blocks-gallery-grid\"><li class=\"blocks-gallery-item\"><figure><img decoding=\"async\" width=\"1024\" height=\"724\" src=\"https:\/\/westerstrand.se\/uploads\/2019\/09\/westerstrand-electronic-1024x724.jpg\" alt=\"\" data-id=\"3165\" data-link=\"https:\/\/westerstrand.se\/westerstrand-electronic\/\" class=\"wp-image-4854\" srcset=\"https:\/\/westerstrand.se\/uploads\/2019\/09\/westerstrand-electronic-1024x724.jpg 1024w, https:\/\/westerstrand.se\/uploads\/2019\/09\/westerstrand-electronic-300x212.jpg 300w, https:\/\/westerstrand.se\/uploads\/2019\/09\/westerstrand-electronic-768x543.jpg 768w\" sizes=\"(max-width: 1024px) 100vw, 1024px\" \/><\/figure><\/li><li class=\"blocks-gallery-item\"><figure><img decoding=\"async\" width=\"1024\" height=\"658\" src=\"https:\/\/westerstrand.se\/uploads\/2019\/09\/resultattavla-1024x658.jpg\" alt=\"\" data-id=\"3330\" data-link=\"https:\/\/westerstrand.se\/resultattavla\/\" class=\"wp-image-4884\" srcset=\"https:\/\/westerstrand.se\/uploads\/2019\/09\/resultattavla-1024x658.jpg 1024w, https:\/\/westerstrand.se\/uploads\/2019\/09\/resultattavla-300x193.jpg 300w, https:\/\/westerstrand.se\/uploads\/2019\/09\/resultattavla-768x493.jpg 768w\" sizes=\"(max-width: 1024px) 100vw, 1024px\" \/><\/figure><\/li><\/ul><\/figure>\n\n\n\n<p>In its previous incarnation, Westerstrand declared bankruptcy in 1983 and was split into two parts. The part with flooring and wall clocks along with other products aimed primarily at the private sector, was taken over by a number of employees and operated for a long while under the name T\u00f6reboda Ur. The other part, aimed at public spaces, was taken over by Bj\u00f6rn Johansson from \u00d6rebro and, run by his family, is still in business.<\/p>\n\n\n\n<p>Today, Westerstrand develops, markets and manufactures time systems and information boards for use in public communications, industry, commerce and sports. <\/p>\n\n\n\n<div class=\"wp-block-image\"><figure class=\"aligncenter is-resized\"><img decoding=\"async\" src=\"https:\/\/westerstrand.se\/uploads\/2019\/09\/westerstrand-logo.jpg\" alt=\"\" class=\"wp-image-4890\" width=\"303\" height=\"91\" srcset=\"https:\/\/westerstrand.se\/uploads\/2019\/09\/westerstrand-logo.jpg 538w, https:\/\/westerstrand.se\/uploads\/2019\/09\/westerstrand-logo-300x90.jpg 300w\" sizes=\"(max-width: 303px) 100vw, 303px\" \/><\/figure><\/div>\n","protected":false},"excerpt":{"rendered":"<p>Westerstrand Urfabrik AB is one of T\u00f6reboda\u2019s oldest, best known companies. It was founded in 1906 by Yngve Westerstrand when he opened a watchmaker\u2019s workshop.&nbsp; The company began in a premises on Kungsgatan 4 where it produced replacement parts for clocks. After a while, it also began producing tower clocks and station clocks. Production continued [&hellip;]<\/p>\n","protected":false},"author":10,"featured_media":0,"parent":0,"menu_order":0,"comment_status":"closed","ping_status":"closed","template":"","meta":{"_acf_changed":false,"footnotes":""},"class_list":["post-5228","page","type-page","status-publish","hentry"],"acf":[],"yoast_head":"<!-- This site is optimized with the Yoast SEO plugin v24.9 - https:\/\/yoast.com\/wordpress\/plugins\/seo\/ -->\n<title>History - Westerstrand<\/title>\n<meta name=\"robots\" content=\"index, follow, max-snippet:-1, max-image-preview:large, max-video-preview:-1\" \/>\n<link rel=\"canonical\" href=\"https:\/\/westerstrand.se\/historia\/\" \/>\n<meta property=\"og:locale\" content=\"en_US\" \/>\n<meta property=\"og:type\" content=\"article\" \/>\n<meta property=\"og:title\" content=\"History - Westerstrand\" \/>\n<meta property=\"og:description\" content=\"Westerstrand Urfabrik AB is one of T\u00f6reboda\u2019s oldest, best known companies. It was founded in 1906 by Yngve Westerstrand when he opened a watchmaker\u2019s workshop.&nbsp; The company began in a premises on Kungsgatan 4 where it produced replacement parts for clocks. After a while, it also began producing tower clocks and station clocks. Production continued [&hellip;]\" \/>\n<meta property=\"og:url\" content=\"https:\/\/westerstrand.se\/historia\/\" \/>\n<meta property=\"og:site_name\" content=\"Westerstrand\" \/>\n<meta property=\"article:modified_time\" content=\"2020-09-24T12:59:24+00:00\" \/>\n<meta property=\"og:image\" content=\"https:\/\/westerstrand.se\/uploads\/2019\/09\/pendylur-e1568183422641-313x1024.jpg\" \/>\n<meta name=\"twitter:card\" content=\"summary_large_image\" \/>\n<meta name=\"twitter:label1\" content=\"Est. reading time\" \/>\n\t<meta name=\"twitter:data1\" content=\"2 minutes\" \/>\n<script type=\"application\/ld+json\" class=\"yoast-schema-graph\">{\"@context\":\"https:\/\/schema.org\",\"@graph\":[{\"@type\":\"WebPage\",\"@id\":\"https:\/\/westerstrand.se\/historia\/\",\"url\":\"https:\/\/westerstrand.se\/historia\/\",\"name\":\"History - Westerstrand\",\"isPartOf\":{\"@id\":\"https:\/\/westerstrand.se\/#website\"},\"primaryImageOfPage\":{\"@id\":\"https:\/\/westerstrand.se\/historia\/#primaryimage\"},\"image\":{\"@id\":\"https:\/\/westerstrand.se\/historia\/#primaryimage\"},\"thumbnailUrl\":\"https:\/\/westerstrand.se\/uploads\/2019\/09\/pendylur-e1568183422641-313x1024.jpg\",\"datePublished\":\"2020-09-22T07:55:32+00:00\",\"dateModified\":\"2020-09-24T12:59:24+00:00\",\"breadcrumb\":{\"@id\":\"https:\/\/westerstrand.se\/historia\/#breadcrumb\"},\"inLanguage\":\"en-US\",\"potentialAction\":[{\"@type\":\"ReadAction\",\"target\":[\"https:\/\/westerstrand.se\/historia\/\"]}]},{\"@type\":\"ImageObject\",\"inLanguage\":\"en-US\",\"@id\":\"https:\/\/westerstrand.se\/historia\/#primaryimage\",\"url\":\"https:\/\/westerstrand.se\/uploads\/2019\/09\/pendylur-e1568183422641-313x1024.jpg\",\"contentUrl\":\"https:\/\/westerstrand.se\/uploads\/2019\/09\/pendylur-e1568183422641-313x1024.jpg\"},{\"@type\":\"BreadcrumbList\",\"@id\":\"https:\/\/westerstrand.se\/historia\/#breadcrumb\",\"itemListElement\":[{\"@type\":\"ListItem\",\"position\":1,\"name\":\"Home\",\"item\":\"https:\/\/westerstrand.se\/en\/\"},{\"@type\":\"ListItem\",\"position\":2,\"name\":\"History\"}]},{\"@type\":\"WebSite\",\"@id\":\"https:\/\/westerstrand.se\/#website\",\"url\":\"https:\/\/westerstrand.se\/\",\"name\":\"Westerstrand\",\"description\":\"Urfabrik\",\"potentialAction\":[{\"@type\":\"SearchAction\",\"target\":{\"@type\":\"EntryPoint\",\"urlTemplate\":\"https:\/\/westerstrand.se\/?s={search_term_string}\"},\"query-input\":{\"@type\":\"PropertyValueSpecification\",\"valueRequired\":true,\"valueName\":\"search_term_string\"}}],\"inLanguage\":\"en-US\"}]}<\/script>\n<!-- \/ Yoast SEO plugin. -->","yoast_head_json":{"title":"History - Westerstrand","robots":{"index":"index","follow":"follow","max-snippet":"max-snippet:-1","max-image-preview":"max-image-preview:large","max-video-preview":"max-video-preview:-1"},"canonical":"https:\/\/westerstrand.se\/historia\/","og_locale":"en_US","og_type":"article","og_title":"History - Westerstrand","og_description":"Westerstrand Urfabrik AB is one of T\u00f6reboda\u2019s oldest, best known companies. It was founded in 1906 by Yngve Westerstrand when he opened a watchmaker\u2019s workshop.&nbsp; The company began in a premises on Kungsgatan 4 where it produced replacement parts for clocks. After a while, it also began producing tower clocks and station clocks. Production continued [&hellip;]","og_url":"https:\/\/westerstrand.se\/historia\/","og_site_name":"Westerstrand","article_modified_time":"2020-09-24T12:59:24+00:00","og_image":[{"url":"https:\/\/westerstrand.se\/uploads\/2019\/09\/pendylur-e1568183422641-313x1024.jpg","type":"","width":"","height":""}],"twitter_card":"summary_large_image","twitter_misc":{"Est. reading time":"2 minutes"},"schema":{"@context":"https:\/\/schema.org","@graph":[{"@type":"WebPage","@id":"https:\/\/westerstrand.se\/historia\/","url":"https:\/\/westerstrand.se\/historia\/","name":"History - Westerstrand","isPartOf":{"@id":"https:\/\/westerstrand.se\/#website"},"primaryImageOfPage":{"@id":"https:\/\/westerstrand.se\/historia\/#primaryimage"},"image":{"@id":"https:\/\/westerstrand.se\/historia\/#primaryimage"},"thumbnailUrl":"https:\/\/westerstrand.se\/uploads\/2019\/09\/pendylur-e1568183422641-313x1024.jpg","datePublished":"2020-09-22T07:55:32+00:00","dateModified":"2020-09-24T12:59:24+00:00","breadcrumb":{"@id":"https:\/\/westerstrand.se\/historia\/#breadcrumb"},"inLanguage":"en-US","potentialAction":[{"@type":"ReadAction","target":["https:\/\/westerstrand.se\/historia\/"]}]},{"@type":"ImageObject","inLanguage":"en-US","@id":"https:\/\/westerstrand.se\/historia\/#primaryimage","url":"https:\/\/westerstrand.se\/uploads\/2019\/09\/pendylur-e1568183422641-313x1024.jpg","contentUrl":"https:\/\/westerstrand.se\/uploads\/2019\/09\/pendylur-e1568183422641-313x1024.jpg"},{"@type":"BreadcrumbList","@id":"https:\/\/westerstrand.se\/historia\/#breadcrumb","itemListElement":[{"@type":"ListItem","position":1,"name":"Home","item":"https:\/\/westerstrand.se\/en\/"},{"@type":"ListItem","position":2,"name":"History"}]},{"@type":"WebSite","@id":"https:\/\/westerstrand.se\/#website","url":"https:\/\/westerstrand.se\/","name":"Westerstrand","description":"Urfabrik","potentialAction":[{"@type":"SearchAction","target":{"@type":"EntryPoint","urlTemplate":"https:\/\/westerstrand.se\/?s={search_term_string}"},"query-input":{"@type":"PropertyValueSpecification","valueRequired":true,"valueName":"search_term_string"}}],"inLanguage":"en-US"}]}},"_links":{"self":[{"href":"https:\/\/westerstrand.se\/en\/wp-json\/wp\/v2\/pages\/5228","targetHints":{"allow":["GET"]}}],"collection":[{"href":"https:\/\/westerstrand.se\/en\/wp-json\/wp\/v2\/pages"}],"about":[{"href":"https:\/\/westerstrand.se\/en\/wp-json\/wp\/v2\/types\/page"}],"author":[{"embeddable":true,"href":"https:\/\/westerstrand.se\/en\/wp-json\/wp\/v2\/users\/10"}],"replies":[{"embeddable":true,"href":"https:\/\/westerstrand.se\/en\/wp-json\/wp\/v2\/comments?post=5228"}],"version-history":[{"count":2,"href":"https:\/\/westerstrand.se\/en\/wp-json\/wp\/v2\/pages\/5228\/revisions"}],"predecessor-version":[{"id":5747,"href":"https:\/\/westerstrand.se\/en\/wp-json\/wp\/v2\/pages\/5228\/revisions\/5747"}],"wp:attachment":[{"href":"https:\/\/westerstrand.se\/en\/wp-json\/wp\/v2\/media?parent=5228"}],"curies":[{"name":"wp","href":"https:\/\/api.w.org\/{rel}","templated":true}]}}