{"id":5488,"date":"2020-09-22T11:08:39","date_gmt":"2020-09-22T09:08:39","guid":{"rendered":"https:\/\/westerstrand.se\/toreboda-magazine\/"},"modified":"2023-12-07T12:50:32","modified_gmt":"2023-12-07T11:50:32","slug":"toreboda-magazine","status":"publish","type":"page","link":"https:\/\/westerstrand.se\/en\/toreboda-magazine\/","title":{"rendered":"T\u00f6reboda Magazine"},"content":{"rendered":"<p>Together with local companies, T\u00f6reboda municipality has created an interactive magazine showing what T\u00f6reboda has to offer.<\/p>\n<p>Read the magazine <a href=\"https:\/\/toreboda.se\/Toreboda-kommun\/Foretag--tillvaxt\/Nyheter\/Nyhetsarkiv-Naringsliv-o-Jobb\/2022-06-07-TorebodaMagasinet\">here<\/a><\/p>\n","protected":false},"excerpt":{"rendered":"<p>Together with local companies, T\u00f6reboda municipality has created an interactive magazine showing what T\u00f6reboda has to offer. Read the magazine here<\/p>\n","protected":false},"author":10,"featured_media":0,"parent":0,"menu_order":0,"comment_status":"closed","ping_status":"closed","template":"","meta":{"_acf_changed":false,"footnotes":""},"class_list":["post-5488","page","type-page","status-publish","hentry"],"acf":[],"yoast_head":"<!-- This site is optimized with the Yoast SEO plugin v24.9 - https:\/\/yoast.com\/wordpress\/plugins\/seo\/ -->\n<title>T\u00f6reboda Magazine - Westerstrand<\/title>\n<meta name=\"robots\" content=\"index, follow, max-snippet:-1, max-image-preview:large, max-video-preview:-1\" \/>\n<link rel=\"canonical\" href=\"https:\/\/westerstrand.se\/torebodamagasinet\/\" \/>\n<meta property=\"og:locale\" content=\"en_US\" \/>\n<meta property=\"og:type\" content=\"article\" \/>\n<meta property=\"og:title\" content=\"T\u00f6reboda Magazine - Westerstrand\" \/>\n<meta property=\"og:description\" content=\"Together with local companies, T\u00f6reboda municipality has created an interactive magazine showing what T\u00f6reboda has to offer. Read the magazine here\" \/>\n<meta property=\"og:url\" content=\"https:\/\/westerstrand.se\/torebodamagasinet\/\" \/>\n<meta property=\"og:site_name\" content=\"Westerstrand\" \/>\n<meta property=\"article:modified_time\" content=\"2023-12-07T11:50:32+00:00\" \/>\n<meta name=\"twitter:card\" content=\"summary_large_image\" \/>\n<script type=\"application\/ld+json\" class=\"yoast-schema-graph\">{\"@context\":\"https:\/\/schema.org\",\"@graph\":[{\"@type\":\"WebPage\",\"@id\":\"https:\/\/westerstrand.se\/torebodamagasinet\/\",\"url\":\"https:\/\/westerstrand.se\/torebodamagasinet\/\",\"name\":\"T\u00f6reboda Magazine - Westerstrand\",\"isPartOf\":{\"@id\":\"https:\/\/westerstrand.se\/#website\"},\"datePublished\":\"2020-09-22T09:08:39+00:00\",\"dateModified\":\"2023-12-07T11:50:32+00:00\",\"breadcrumb\":{\"@id\":\"https:\/\/westerstrand.se\/torebodamagasinet\/#breadcrumb\"},\"inLanguage\":\"en-US\",\"potentialAction\":[{\"@type\":\"ReadAction\",\"target\":[\"https:\/\/westerstrand.se\/torebodamagasinet\/\"]}]},{\"@type\":\"BreadcrumbList\",\"@id\":\"https:\/\/westerstrand.se\/torebodamagasinet\/#breadcrumb\",\"itemListElement\":[{\"@type\":\"ListItem\",\"position\":1,\"name\":\"Home\",\"item\":\"https:\/\/westerstrand.se\/en\/\"},{\"@type\":\"ListItem\",\"position\":2,\"name\":\"T\u00f6reboda Magazine\"}]},{\"@type\":\"WebSite\",\"@id\":\"https:\/\/westerstrand.se\/#website\",\"url\":\"https:\/\/westerstrand.se\/\",\"name\":\"Westerstrand\",\"description\":\"Urfabrik\",\"potentialAction\":[{\"@type\":\"SearchAction\",\"target\":{\"@type\":\"EntryPoint\",\"urlTemplate\":\"https:\/\/westerstrand.se\/?s={search_term_string}\"},\"query-input\":{\"@type\":\"PropertyValueSpecification\",\"valueRequired\":true,\"valueName\":\"search_term_string\"}}],\"inLanguage\":\"en-US\"}]}<\/script>\n<!-- \/ Yoast SEO plugin. -->","yoast_head_json":{"title":"T\u00f6reboda Magazine - Westerstrand","robots":{"index":"index","follow":"follow","max-snippet":"max-snippet:-1","max-image-preview":"max-image-preview:large","max-video-preview":"max-video-preview:-1"},"canonical":"https:\/\/westerstrand.se\/torebodamagasinet\/","og_locale":"en_US","og_type":"article","og_title":"T\u00f6reboda Magazine - Westerstrand","og_description":"Together with local companies, T\u00f6reboda municipality has created an interactive magazine showing what T\u00f6reboda has to offer. Read the magazine here","og_url":"https:\/\/westerstrand.se\/torebodamagasinet\/","og_site_name":"Westerstrand","article_modified_time":"2023-12-07T11:50:32+00:00","twitter_card":"summary_large_image","schema":{"@context":"https:\/\/schema.org","@graph":[{"@type":"WebPage","@id":"https:\/\/westerstrand.se\/torebodamagasinet\/","url":"https:\/\/westerstrand.se\/torebodamagasinet\/","name":"T\u00f6reboda Magazine - Westerstrand","isPartOf":{"@id":"https:\/\/westerstrand.se\/#website"},"datePublished":"2020-09-22T09:08:39+00:00","dateModified":"2023-12-07T11:50:32+00:00","breadcrumb":{"@id":"https:\/\/westerstrand.se\/torebodamagasinet\/#breadcrumb"},"inLanguage":"en-US","potentialAction":[{"@type":"ReadAction","target":["https:\/\/westerstrand.se\/torebodamagasinet\/"]}]},{"@type":"BreadcrumbList","@id":"https:\/\/westerstrand.se\/torebodamagasinet\/#breadcrumb","itemListElement":[{"@type":"ListItem","position":1,"name":"Home","item":"https:\/\/westerstrand.se\/en\/"},{"@type":"ListItem","position":2,"name":"T\u00f6reboda Magazine"}]},{"@type":"WebSite","@id":"https:\/\/westerstrand.se\/#website","url":"https:\/\/westerstrand.se\/","name":"Westerstrand","description":"Urfabrik","potentialAction":[{"@type":"SearchAction","target":{"@type":"EntryPoint","urlTemplate":"https:\/\/westerstrand.se\/?s={search_term_string}"},"query-input":{"@type":"PropertyValueSpecification","valueRequired":true,"valueName":"search_term_string"}}],"inLanguage":"en-US"}]}},"_links":{"self":[{"href":"https:\/\/westerstrand.se\/en\/wp-json\/wp\/v2\/pages\/5488","targetHints":{"allow":["GET"]}}],"collection":[{"href":"https:\/\/westerstrand.se\/en\/wp-json\/wp\/v2\/pages"}],"about":[{"href":"https:\/\/westerstrand.se\/en\/wp-json\/wp\/v2\/types\/page"}],"author":[{"embeddable":true,"href":"https:\/\/westerstrand.se\/en\/wp-json\/wp\/v2\/users\/10"}],"replies":[{"embeddable":true,"href":"https:\/\/westerstrand.se\/en\/wp-json\/wp\/v2\/comments?post=5488"}],"version-history":[{"count":2,"href":"https:\/\/westerstrand.se\/en\/wp-json\/wp\/v2\/pages\/5488\/revisions"}],"predecessor-version":[{"id":7948,"href":"https:\/\/westerstrand.se\/en\/wp-json\/wp\/v2\/pages\/5488\/revisions\/7948"}],"wp:attachment":[{"href":"https:\/\/westerstrand.se\/en\/wp-json\/wp\/v2\/media?parent=5488"}],"curies":[{"name":"wp","href":"https:\/\/api.w.org\/{rel}","templated":true}]}}